{"id":9,"date":"2022-02-18T14:12:50","date_gmt":"2022-02-18T17:12:50","guid":{"rendered":"http:\/\/totaldedetizadora.net\/?page_id=9"},"modified":"2022-02-19T15:15:21","modified_gmt":"2022-02-19T18:15:21","slug":"pesquisa","status":"publish","type":"page","link":"https:\/\/totaldedetizadora.net\/index.php\/pesquisa\/","title":{"rendered":"PESQUISA DE SATISFA\u00c7\u00c3O"},"content":{"rendered":"\n<div class=\"wp-block-cover alignfull\" style=\"min-height:171px\"><span aria-hidden=\"true\" class=\"has-nv-dark-bg-background-color has-background-dim-100 wp-block-cover__gradient-background has-background-dim\"><\/span><div class=\"wp-block-cover__inner-container\">\n<div style=\"height:1px\" aria-hidden=\"true\" class=\"wp-block-spacer\"><\/div>\n\n\n\n<p class=\"has-text-align-center has-nv-text-dark-bg-color has-text-color\">\u201cPra n\u00f3s da Total Dedetizadora, o mais importante \u00e9 ouvir nossos clientes, e melhorar todos os dias\u201d<\/p>\n\n\n\n<p class=\"has-text-align-center has-nv-text-dark-bg-color has-text-color\" style=\"font-size:14px\">Equipe de Gest\u00e3o da Qualidade<\/p>\n\n\n\n<div style=\"height:1px\" aria-hidden=\"true\" class=\"wp-block-spacer\"><\/div>\n<\/div><\/div>\n\n\n<div class=\"wpforms-container wpforms-container-full\" id=\"wpforms-91\"><form id=\"wpforms-form-91\" class=\"wpforms-validate wpforms-form wpforms-ajax-form\" data-formid=\"91\" method=\"post\" enctype=\"multipart\/form-data\" action=\"\/index.php\/wp-json\/wp\/v2\/pages\/9\" data-token=\"80e6db3eb5291c709430211dbd39d0fe\"><noscript class=\"wpforms-error-noscript\">Please enable JavaScript in your browser to complete this form.<\/noscript><div class=\"wpforms-field-container\"><div id=\"wpforms-91-field_0-container\" class=\"wpforms-field wpforms-field-name\" data-field-id=\"0\"><label class=\"wpforms-field-label\" for=\"wpforms-91-field_0\">Nome <span class=\"wpforms-required-label\">*<\/span><\/label><div class=\"wpforms-field-row wpforms-field-medium\"><div class=\"wpforms-field-row-block wpforms-first wpforms-one-half\"><input type=\"text\" id=\"wpforms-91-field_0\" class=\"wpforms-field-name-first wpforms-field-required\" name=\"wpforms[fields][0][first]\" required><label for=\"wpforms-91-field_0\" class=\"wpforms-field-sublabel after \">First<\/label><\/div><div class=\"wpforms-field-row-block wpforms-one-half\"><input type=\"text\" id=\"wpforms-91-field_0-last\" class=\"wpforms-field-name-last wpforms-field-required\" name=\"wpforms[fields][0][last]\" required><label for=\"wpforms-91-field_0-last\" class=\"wpforms-field-sublabel after \">Last<\/label><\/div><\/div><\/div><div id=\"wpforms-91-field_1-container\" class=\"wpforms-field wpforms-field-email\" data-field-id=\"1\"><label class=\"wpforms-field-label\" for=\"wpforms-91-field_1\">Email <span class=\"wpforms-required-label\">*<\/span><\/label><input type=\"email\" id=\"wpforms-91-field_1\" class=\"wpforms-field-medium wpforms-field-required\" name=\"wpforms[fields][1]\" required><\/div><div id=\"wpforms-91-field_19-container\" class=\"wpforms-field wpforms-field-phone\" data-field-id=\"19\"><label class=\"wpforms-field-label\" for=\"wpforms-91-field_19\">Telefone<\/label><input type=\"tel\" id=\"wpforms-91-field_19\" class=\"wpforms-field-medium wpforms-smart-phone-field\" data-rule-smart-phone-field=\"true\" name=\"wpforms[fields][19]\" ><\/div><div id=\"wpforms-91-field_13-container\" class=\"wpforms-field wpforms-field-text\" data-field-id=\"13\"><label class=\"wpforms-field-label\" for=\"wpforms-91-field_13\">Informe Aqui o Nome do Estabelecimento<\/label><input type=\"text\" id=\"wpforms-91-field_13\" class=\"wpforms-field-small\" name=\"wpforms[fields][13]\" ><\/div><div id=\"wpforms-91-field_14-container\" class=\"wpforms-field wpforms-field-text\" data-field-id=\"14\"><label class=\"wpforms-field-label\" for=\"wpforms-91-field_14\">Cidade<\/label><input type=\"text\" id=\"wpforms-91-field_14\" class=\"wpforms-field-small\" name=\"wpforms[fields][14]\" ><\/div><div id=\"wpforms-91-field_15-container\" class=\"wpforms-field wpforms-field-textarea\" data-field-id=\"15\"><label class=\"wpforms-field-label\" for=\"wpforms-91-field_15\">Conte Aqui Como Foi Sua Experi\u00eancia<\/label><textarea id=\"wpforms-91-field_15\" class=\"wpforms-field-medium\" name=\"wpforms[fields][15]\" ><\/textarea><div class=\"wpforms-field-description\">Nesse campo voc\u00ea pode escrever se houve ocorr\u00eancia de pragas nesse local, ou se deseja registrar um elogio<\/div><\/div><div id=\"wpforms-91-field_21-container\" class=\"wpforms-field wpforms-field-date-time\" data-field-id=\"21\"><label class=\"wpforms-field-label\" for=\"wpforms-91-field_21\">Data \/ Hora<\/label><div class=\"wpforms-field-row wpforms-field-medium\"><div class=\"wpforms-field-row-block wpforms-one-half wpforms-first\"><div class=\"wpforms-datepicker-wrap\"><input type=\"text\" id=\"wpforms-91-field_21\" class=\"wpforms-field-date-time-date wpforms-datepicker\" data-date-format=\"m\/d\/Y\" data-disable-past-dates=\"0\" data-input=\"true\" name=\"wpforms[fields][21][date]\" ><a title=\"Clear Date\" data-clear class=\"wpforms-datepicker-clear\" style=\"display:none;\"><\/a><\/div><label for=\"wpforms-91-field_21\" class=\"wpforms-field-sublabel after \">Date<\/label><\/div><div class=\"wpforms-field-row-block wpforms-one-half\"><input type=\"text\" id=\"wpforms-91-field_21-time\" class=\"wpforms-field-date-time-time wpforms-timepicker\" data-time-format=\"g:i A\" data-step=\"30\" data-rule-time12h=\"true\" name=\"wpforms[fields][21][time]\" ><label for=\"wpforms-91-field_21-time\" class=\"wpforms-field-sublabel after \">Time<\/label><\/div><\/div><div class=\"wpforms-field-description\">Diga a Data e Hora Para Registro do Ocorrido<\/div><\/div><div id=\"wpforms-91-field_16-container\" class=\"wpforms-field wpforms-field-select wpforms-field-select-style-classic\" data-field-id=\"16\"><label class=\"wpforms-field-label\" for=\"wpforms-91-field_16\">Voc\u00ea Gostaria Que Algu\u00e9m de Nossa Equipe Entrasse em Contato?<\/label><select id=\"wpforms-91-field_16\" class=\"wpforms-field-medium\" name=\"wpforms[fields][16]\"><option value=\"SIM\" >SIM<\/option><option value=\"N\u00c3O\" >N\u00c3O<\/option><\/select><div class=\"wpforms-field-description\">Informe se voc\u00ea deseja que algu\u00e9m da Total Dedetizadora entre em contato contigo<\/div><\/div><div id=\"wpforms-91-field_17-container\" class=\"wpforms-field wpforms-field-radio\" data-field-id=\"17\"><label class=\"wpforms-field-label\" for=\"wpforms-91-field_17\">O Que \u00e9 Mais Importante Pra Voc\u00ea?<\/label><ul id=\"wpforms-91-field_17\"><li class=\"choice-1 depth-1\"><input type=\"radio\" id=\"wpforms-91-field_17_1\" name=\"wpforms[fields][17]\" value=\"Pre\u00e7o Baixo\"  ><label class=\"wpforms-field-label-inline\" for=\"wpforms-91-field_17_1\">Pre\u00e7o Baixo<\/label><\/li><li class=\"choice-2 depth-1\"><input type=\"radio\" id=\"wpforms-91-field_17_2\" name=\"wpforms[fields][17]\" value=\"Qualidade na Dedetiza\u00e7\u00e3o\"  ><label class=\"wpforms-field-label-inline\" for=\"wpforms-91-field_17_2\">Qualidade na Dedetiza\u00e7\u00e3o<\/label><\/li><li class=\"choice-3 depth-1\"><input type=\"radio\" id=\"wpforms-91-field_17_3\" name=\"wpforms[fields][17]\" value=\"Agilidade no Atendimento\"  ><label class=\"wpforms-field-label-inline\" for=\"wpforms-91-field_17_3\">Agilidade no Atendimento<\/label><\/li><\/ul><\/div><div id=\"wpforms-91-field_18-container\" class=\"wpforms-field wpforms-field-checkbox wpforms-list-2-columns\" data-field-id=\"18\"><label class=\"wpforms-field-label\" for=\"wpforms-91-field_18\">Como Podemos Melhorar?<\/label><ul id=\"wpforms-91-field_18\"><li class=\"choice-1 depth-1\"><input type=\"checkbox\" id=\"wpforms-91-field_18_1\" name=\"wpforms[fields][18][]\" value=\"Pontualidade\"  ><label class=\"wpforms-field-label-inline\" for=\"wpforms-91-field_18_1\">Pontualidade<\/label><\/li><li class=\"choice-2 depth-1\"><input type=\"checkbox\" id=\"wpforms-91-field_18_2\" name=\"wpforms[fields][18][]\" value=\"Qualidade no Controle de Pragas\"  ><label class=\"wpforms-field-label-inline\" for=\"wpforms-91-field_18_2\">Qualidade no Controle de Pragas<\/label><\/li><li class=\"choice-3 depth-1\"><input type=\"checkbox\" id=\"wpforms-91-field_18_3\" name=\"wpforms[fields][18][]\" value=\"Pre\u00e7o\"  ><label class=\"wpforms-field-label-inline\" for=\"wpforms-91-field_18_3\">Pre\u00e7o<\/label><\/li><li class=\"choice-4 depth-1\"><input type=\"checkbox\" id=\"wpforms-91-field_18_4\" name=\"wpforms[fields][18][]\" value=\"Atendimento ao Cliente\"  ><label class=\"wpforms-field-label-inline\" for=\"wpforms-91-field_18_4\">Atendimento ao Cliente<\/label><\/li><li class=\"choice-5 depth-1\"><input type=\"checkbox\" id=\"wpforms-91-field_18_5\" name=\"wpforms[fields][18][]\" value=\"Profissionalismo dos T\u00e9cnicos\"  ><label class=\"wpforms-field-label-inline\" for=\"wpforms-91-field_18_5\">Profissionalismo dos T\u00e9cnicos<\/label><\/li><li class=\"choice-6 depth-1\"><input type=\"checkbox\" id=\"wpforms-91-field_18_6\" name=\"wpforms[fields][18][]\" value=\"Comunica\u00e7\u00e3o\"  ><label class=\"wpforms-field-label-inline\" for=\"wpforms-91-field_18_6\">Comunica\u00e7\u00e3o<\/label><\/li><\/ul><\/div><div id=\"wpforms-91-field_22-container\" class=\"wpforms-field wpforms-field-select wpforms-field-select-style-classic\" data-field-id=\"22\"><label class=\"wpforms-field-label\" for=\"wpforms-91-field_22\">Voc\u00ea Autoriza a Divulga\u00e7\u00e3o Desse Feedback?<\/label><select id=\"wpforms-91-field_22\" class=\"wpforms-field-medium\" name=\"wpforms[fields][22]\"><option value=\"SIM COMPLETAMENTE\" >SIM COMPLETAMENTE<\/option><option value=\"SIM, POR\u00c9M SEM MEU NOME\" >SIM, POR\u00c9M SEM MEU NOME<\/option><option value=\"N\u00c3O\" >N\u00c3O<\/option><\/select><div class=\"wpforms-field-description\">A divulga\u00e7\u00e3o de elogios somente ser\u00e1 realizada se houver autoriza\u00e7\u00e3o do notificante<\/div><\/div><div id=\"wpforms-91-field_23-container\" class=\"wpforms-field wpforms-field-rating\" data-field-id=\"23\"><label class=\"wpforms-field-label\" for=\"wpforms-91-field_23\">Sua Nota Final Para a Total Dedetizadora<\/label><div class=\"wpforms-field-rating-items\"><label class=\"wpforms-field-rating-item choice-1\" for=\"wpforms-91-field_23_1\"><span class=\"wpforms-screen-reader-element\">Rate 1 out of 5<\/span><input type=\"radio\" id=\"wpforms-91-field_23_1\" class=\"wpforms-screen-reader-element\" name=\"wpforms[fields][23]\" value=\"1\" ><svg width=\"28\" height=\"28\" style=\"height:28px;width:28px;\" fill=\"currentColor\" color=\"#e27730\" viewBox=\"0 0 1792 1792\" xmlns=\"http:\/\/www.w3.org\/2000\/svg\"><path d=\"M1728 647q0 22-26 48l-363 354 86 500q1 7 1 20 0 21-10.5 35.5t-30.5 14.5q-19 0-40-12l-449-236-449 236q-22 12-40 12-21 0-31.5-14.5t-10.5-35.5q0-6 2-20l86-500-364-354q-25-27-25-48 0-37 56-46l502-73 225-455q19-41 49-41t49 41l225 455 502 73q56 9 56 46z\"\/><\/svg><\/label><label class=\"wpforms-field-rating-item choice-2\" for=\"wpforms-91-field_23_2\"><span class=\"wpforms-screen-reader-element\">Rate 2 out of 5<\/span><input type=\"radio\" id=\"wpforms-91-field_23_2\" class=\"wpforms-screen-reader-element\" name=\"wpforms[fields][23]\" value=\"2\" ><svg width=\"28\" height=\"28\" style=\"height:28px;width:28px;\" fill=\"currentColor\" color=\"#e27730\" viewBox=\"0 0 1792 1792\" xmlns=\"http:\/\/www.w3.org\/2000\/svg\"><path d=\"M1728 647q0 22-26 48l-363 354 86 500q1 7 1 20 0 21-10.5 35.5t-30.5 14.5q-19 0-40-12l-449-236-449 236q-22 12-40 12-21 0-31.5-14.5t-10.5-35.5q0-6 2-20l86-500-364-354q-25-27-25-48 0-37 56-46l502-73 225-455q19-41 49-41t49 41l225 455 502 73q56 9 56 46z\"\/><\/svg><\/label><label class=\"wpforms-field-rating-item choice-3\" for=\"wpforms-91-field_23_3\"><span class=\"wpforms-screen-reader-element\">Rate 3 out of 5<\/span><input type=\"radio\" id=\"wpforms-91-field_23_3\" class=\"wpforms-screen-reader-element\" name=\"wpforms[fields][23]\" value=\"3\" ><svg width=\"28\" height=\"28\" style=\"height:28px;width:28px;\" fill=\"currentColor\" color=\"#e27730\" viewBox=\"0 0 1792 1792\" xmlns=\"http:\/\/www.w3.org\/2000\/svg\"><path d=\"M1728 647q0 22-26 48l-363 354 86 500q1 7 1 20 0 21-10.5 35.5t-30.5 14.5q-19 0-40-12l-449-236-449 236q-22 12-40 12-21 0-31.5-14.5t-10.5-35.5q0-6 2-20l86-500-364-354q-25-27-25-48 0-37 56-46l502-73 225-455q19-41 49-41t49 41l225 455 502 73q56 9 56 46z\"\/><\/svg><\/label><label class=\"wpforms-field-rating-item choice-4\" for=\"wpforms-91-field_23_4\"><span class=\"wpforms-screen-reader-element\">Rate 4 out of 5<\/span><input type=\"radio\" id=\"wpforms-91-field_23_4\" class=\"wpforms-screen-reader-element\" name=\"wpforms[fields][23]\" value=\"4\" ><svg width=\"28\" height=\"28\" style=\"height:28px;width:28px;\" fill=\"currentColor\" color=\"#e27730\" viewBox=\"0 0 1792 1792\" xmlns=\"http:\/\/www.w3.org\/2000\/svg\"><path d=\"M1728 647q0 22-26 48l-363 354 86 500q1 7 1 20 0 21-10.5 35.5t-30.5 14.5q-19 0-40-12l-449-236-449 236q-22 12-40 12-21 0-31.5-14.5t-10.5-35.5q0-6 2-20l86-500-364-354q-25-27-25-48 0-37 56-46l502-73 225-455q19-41 49-41t49 41l225 455 502 73q56 9 56 46z\"\/><\/svg><\/label><label class=\"wpforms-field-rating-item choice-5\" for=\"wpforms-91-field_23_5\"><span class=\"wpforms-screen-reader-element\">Rate 5 out of 5<\/span><input type=\"radio\" id=\"wpforms-91-field_23_5\" class=\"wpforms-screen-reader-element\" name=\"wpforms[fields][23]\" value=\"5\" ><svg width=\"28\" height=\"28\" style=\"height:28px;width:28px;\" fill=\"currentColor\" color=\"#e27730\" viewBox=\"0 0 1792 1792\" xmlns=\"http:\/\/www.w3.org\/2000\/svg\"><path d=\"M1728 647q0 22-26 48l-363 354 86 500q1 7 1 20 0 21-10.5 35.5t-30.5 14.5q-19 0-40-12l-449-236-449 236q-22 12-40 12-21 0-31.5-14.5t-10.5-35.5q0-6 2-20l86-500-364-354q-25-27-25-48 0-37 56-46l502-73 225-455q19-41 49-41t49 41l225 455 502 73q56 9 56 46z\"\/><\/svg><\/label><\/div><div class=\"wpforms-field-description\">Nesse campo, marque com 1 estrela se sua experi\u00eancia foi p\u00e9ssima, 2 estrelas se foi ruim, 3 estrelas se foi regular, 4 estrelas se foi boa, ou 5 estrelas se foi espetacular!<\/div><\/div><\/div><div class=\"wpforms-submit-container\"><input type=\"hidden\" name=\"wpforms[id]\" value=\"91\"><input type=\"hidden\" name=\"wpforms[author]\" value=\"1\"><button type=\"submit\" name=\"wpforms[submit]\" id=\"wpforms-submit-91\" class=\"wpforms-submit\" data-alt-text=\"Quase l\u00e1...\" data-submit-text=\"Enviar\" aria-live=\"assertive\" value=\"wpforms-submit\">Enviar<\/button><img src=\"https:\/\/totaldedetizadora.net\/wp-content\/plugins\/wpforms\/assets\/images\/submit-spin.svg\" class=\"wpforms-submit-spinner\" style=\"display: none;\" width=\"26\" height=\"26\" alt=\"\"><\/div><\/form><\/div>  <!-- .wpforms-container -->","protected":false},"excerpt":{"rendered":"","protected":false},"author":1,"featured_media":0,"parent":0,"menu_order":1,"comment_status":"closed","ping_status":"closed","template":"","meta":{"neve_meta_sidebar":"","neve_meta_container":"","neve_meta_enable_content_width":"on","neve_meta_content_width":100,"neve_meta_title_alignment":"","neve_meta_author_avatar":"","neve_post_elements_order":"","neve_meta_disable_header":"","neve_meta_disable_footer":"","neve_meta_disable_title":"on"},"_links":{"self":[{"href":"https:\/\/totaldedetizadora.net\/index.php\/wp-json\/wp\/v2\/pages\/9"}],"collection":[{"href":"https:\/\/totaldedetizadora.net\/index.php\/wp-json\/wp\/v2\/pages"}],"about":[{"href":"https:\/\/totaldedetizadora.net\/index.php\/wp-json\/wp\/v2\/types\/page"}],"author":[{"embeddable":true,"href":"https:\/\/totaldedetizadora.net\/index.php\/wp-json\/wp\/v2\/users\/1"}],"replies":[{"embeddable":true,"href":"https:\/\/totaldedetizadora.net\/index.php\/wp-json\/wp\/v2\/comments?post=9"}],"version-history":[{"count":2,"href":"https:\/\/totaldedetizadora.net\/index.php\/wp-json\/wp\/v2\/pages\/9\/revisions"}],"predecessor-version":[{"id":94,"href":"https:\/\/totaldedetizadora.net\/index.php\/wp-json\/wp\/v2\/pages\/9\/revisions\/94"}],"wp:attachment":[{"href":"https:\/\/totaldedetizadora.net\/index.php\/wp-json\/wp\/v2\/media?parent=9"}],"curies":[{"name":"wp","href":"https:\/\/api.w.org\/{rel}","templated":true}]}}