{"id":10,"date":"2022-02-18T14:12:50","date_gmt":"2022-02-18T17:12:50","guid":{"rendered":"http:\/\/totaldedetizadora.net\/?page_id=10"},"modified":"2022-02-18T15:47:45","modified_gmt":"2022-02-18T18:47:45","slug":"detalhes-do-projeto","status":"publish","type":"page","link":"https:\/\/totaldedetizadora.net\/index.php\/detalhes-do-projeto\/","title":{"rendered":"Trabalhos Realizados"},"content":{"rendered":"\n<div class=\"wp-block-cover alignfull\" style=\"min-height:320px\"><span aria-hidden=\"true\" class=\"has-nv-site-bg-background-color has-background-dim-100 wp-block-cover__gradient-background has-background-dim\"><\/span><div class=\"wp-block-cover__inner-container\">\n<div class=\"wp-container-1 wp-block-group\"><div class=\"wp-block-group__inner-container\">\n<div class=\"wp-block-columns are-vertically-aligned-center\">\n<div class=\"wp-block-column is-vertically-aligned-center\" style=\"flex-basis:70%\">\n<h1 class=\"has-text-align-left has-neve-text-color-color has-text-color\" id=\"nosso-foco-nunca-foi-volume-mas-sim-qualidade\">Nosso foco nunca foi volume, mas sim qualidade<\/h1>\n\n\n\n<p class=\"has-neve-text-color-color has-text-color\" style=\"font-size:22px\">Veja abaixo alguns exemplos de trabalhos de controle de pragas urbanas realizados pela Total Dedetizadora. Sempre que executamos uma tarefa, nossos T\u00e9cnicos Encarregados s\u00e3o supervisionados pelo s\u00f3cio e RT gestor ambiental Gabriel Locatelli (Gabriel Ambeintal nas redes sociais) e nossa RT bi\u00f3loga Karoline Anitelli. A empres\u00e1ria e s\u00f3cia, engenheira Nathalia Gomes Giroto, garante o monitoramento da qualidade, atrav\u00e9s de rigorosos processos de avalia\u00e7\u00e3o, desde o primeiro contato do cliente, at\u00e9 o encerramento do contrato. <\/p>\n<\/div>\n\n\n\n<div class=\"wp-block-column is-vertically-aligned-center\" style=\"flex-basis:30%\"><\/div>\n<\/div>\n<\/div><\/div>\n<\/div><\/div>\n\n\n\n<div class=\"wp-block-cover alignfull\" style=\"min-height:600px\"><span aria-hidden=\"true\" class=\"has-nv-light-bg-background-color has-background-dim-100 wp-block-cover__gradient-background has-background-dim\"><\/span><div class=\"wp-block-cover__inner-container\">\n<div class=\"wp-container-3 wp-block-group\"><div class=\"wp-block-group__inner-container\">\n<div style=\"height:80px\" aria-hidden=\"true\" class=\"wp-block-spacer\"><\/div>\n\n\n\n<div class=\"wp-block-columns\">\n<div class=\"wp-block-column\" style=\"flex-basis:66.79%\">\n<figure class=\"wp-block-gallery has-nested-images columns-default is-cropped\">\n<figure class=\"wp-block-image size-large\"><img loading=\"lazy\" width=\"720\" height=\"634\" src=\"http:\/\/totaldedetizadora.net\/wp-content\/uploads\/2022\/02\/Sanitizacao-e-desinfeccao-de-ambientes.jpg\" alt=\"\" class=\"wp-image-44\" srcset=\"https:\/\/totaldedetizadora.net\/wp-content\/uploads\/2022\/02\/Sanitizacao-e-desinfeccao-de-ambientes.jpg 720w, https:\/\/totaldedetizadora.net\/wp-content\/uploads\/2022\/02\/Sanitizacao-e-desinfeccao-de-ambientes-300x264.jpg 300w\" sizes=\"(max-width: 720px) 100vw, 720px\" \/><figcaption>Sanitiza\u00e7\u00e3o \/ Desinfec\u00e7\u00e3o de Ambientes<\/figcaption><\/figure>\n<\/figure>\n\n\n\n<div style=\"height:40px\" aria-hidden=\"true\" class=\"wp-block-spacer\"><\/div>\n<\/div>\n\n\n\n<div class=\"wp-block-column\" style=\"flex-basis:34%\">\n<p class=\"has-neve-text-color-color has-text-color\">No aux\u00edlio de combate a v\u00edrus e bact\u00e9rias nocivos, a Total Dedetizadora realiza procedimentos de sanitiza\u00e7\u00e3o de ambientes. Com equipamentos modernos e equipe bem treinada, realizamos esse procedimento com produtos a base de Quatern\u00e1rio de Am\u00f4nia, um excelente aliado na elimina\u00e7\u00e3o dos v\u00edrus e bact\u00e9rias dos ambientes de circula\u00e7\u00e3o humana.<\/p>\n\n\n\n<div class=\"wp-container-2 wp-block-buttons\">\n<div class=\"wp-block-button is-style-primary\"><a class=\"wp-block-button__link\" href=\"https:\/\/www.instagram.com\/totaldedetizadora\/\" target=\"_blank\" rel=\"noreferrer noopener\">VISITE NOSSO INSTAGRAM<\/a><\/div>\n<\/div>\n\n\n\n<hr class=\"wp-block-separator is-style-wide\"\/>\n\n\n\n<figure class=\"wp-block-gallery has-nested-images columns-default is-cropped\">\n<figure class=\"wp-block-image size-large\"><img loading=\"lazy\" width=\"577\" height=\"657\" src=\"http:\/\/totaldedetizadora.net\/wp-content\/uploads\/2022\/02\/foto-gab-linktee.jpg\" alt=\"gabriel ambiental total dedetizadora curso de dedetiza\u00e7\u00e3o\" class=\"wp-image-49\" srcset=\"https:\/\/totaldedetizadora.net\/wp-content\/uploads\/2022\/02\/foto-gab-linktee.jpg 577w, https:\/\/totaldedetizadora.net\/wp-content\/uploads\/2022\/02\/foto-gab-linktee-263x300.jpg 263w\" sizes=\"(max-width: 577px) 100vw, 577px\" \/><figcaption>Gabriel Ambiental <\/figcaption><\/figure>\n<\/figure>\n\n\n\n<p class=\"has-neve-text-color-color has-text-color\">\u201cN\u00f3s da Total Dedetizadora, percebemos que no mercado de controle de pragas, existe uma defici\u00eancia no atendimento ao cliente. Nos apoiamos nessa informa\u00e7\u00e3o para fazer com que nosso maior diferencial seja o atendimento \u00e1gil, com qualidade e seguran\u00e7a\u201d<\/p>\n\n\n\n<p class=\"has-neve-text-color-color has-text-color\">GABRIEL LOCATELLI<\/p>\n<\/div>\n<\/div>\n\n\n\n<div style=\"height:40px\" aria-hidden=\"true\" class=\"wp-block-spacer\"><\/div>\n<\/div><\/div>\n<\/div><\/div>\n\n\n\n<div class=\"wp-block-cover alignfull\" style=\"min-height:600px\"><span aria-hidden=\"true\" class=\"has-nv-site-bg-background-color has-background-dim-100 wp-block-cover__gradient-background has-background-dim\"><\/span><div class=\"wp-block-cover__inner-container\">\n<div class=\"wp-container-7 wp-block-group\"><div class=\"wp-block-group__inner-container\">\n<div style=\"height:80px\" aria-hidden=\"true\" class=\"wp-block-spacer\"><\/div>\n\n\n\n<h2 class=\"has-neve-text-color-color has-text-color\" id=\"outros-servicos\">Outros Servi\u00e7os<\/h2>\n\n\n\n<div style=\"height:21px\" aria-hidden=\"true\" class=\"wp-block-spacer\"><\/div>\n\n\n\n<div class=\"wp-container-6 wp-block-group\"><div class=\"wp-block-group__inner-container\">\n<div class=\"wp-block-columns are-vertically-aligned-center\">\n<div class=\"wp-block-column is-vertically-aligned-center\" style=\"flex-basis:50%\">\n<figure class=\"wp-block-image\"><img loading=\"lazy\" width=\"2255\" height=\"2560\" src=\"http:\/\/totaldedetizadora.net\/wp-content\/uploads\/2022\/02\/Equipe-Total-Dedetizadora-DCP-scaled.jpg\" alt=\"descupiniza\u00e7\u00e3o total dedetizadora controle de cupins eliminar cupim\" class=\"wp-image-53\" srcset=\"https:\/\/totaldedetizadora.net\/wp-content\/uploads\/2022\/02\/Equipe-Total-Dedetizadora-DCP-scaled.jpg 2255w, https:\/\/totaldedetizadora.net\/wp-content\/uploads\/2022\/02\/Equipe-Total-Dedetizadora-DCP-264x300.jpg 264w, https:\/\/totaldedetizadora.net\/wp-content\/uploads\/2022\/02\/Equipe-Total-Dedetizadora-DCP-902x1024.jpg 902w, https:\/\/totaldedetizadora.net\/wp-content\/uploads\/2022\/02\/Equipe-Total-Dedetizadora-DCP-768x872.jpg 768w, https:\/\/totaldedetizadora.net\/wp-content\/uploads\/2022\/02\/Equipe-Total-Dedetizadora-DCP-1353x1536.jpg 1353w, https:\/\/totaldedetizadora.net\/wp-content\/uploads\/2022\/02\/Equipe-Total-Dedetizadora-DCP-1804x2048.jpg 1804w\" sizes=\"(max-width: 2255px) 100vw, 2255px\" \/><figcaption>descupiniza\u00e7\u00e3o total dedetizadora controle de cupins eliminar cupim<\/figcaption><\/figure>\n\n\n\n<div class=\"wp-block-columns\">\n<div class=\"wp-block-column\" style=\"flex-basis:100%\">\n<div class=\"wp-container-4 wp-block-group\"><div class=\"wp-block-group__inner-container\">\n<div class=\"wp-block-columns\">\n<div class=\"wp-block-column\" style=\"flex-basis:100%\">\n<div class=\"wp-block-columns\">\n<div class=\"wp-block-column\" style=\"flex-basis:100%\">\n<figure class=\"wp-block-image size-full is-style-default\"><img loading=\"lazy\" width=\"720\" height=\"696\" src=\"http:\/\/totaldedetizadora.net\/wp-content\/uploads\/2022\/02\/Screenshot_20210830-130924_Instagram.jpg\" alt=\"\" class=\"wp-image-54\" srcset=\"https:\/\/totaldedetizadora.net\/wp-content\/uploads\/2022\/02\/Screenshot_20210830-130924_Instagram.jpg 720w, https:\/\/totaldedetizadora.net\/wp-content\/uploads\/2022\/02\/Screenshot_20210830-130924_Instagram-300x290.jpg 300w\" sizes=\"(max-width: 720px) 100vw, 720px\" \/><figcaption>total dedetizadora e gabriel ambiental <\/figcaption><\/figure>\n<\/div>\n<\/div>\n<\/div>\n<\/div>\n<\/div><\/div>\n<\/div>\n<\/div>\n\n\n\n<figure class=\"wp-block-gallery has-nested-images columns-default is-cropped\">\n<figure class=\"wp-block-image size-large\"><img loading=\"lazy\" width=\"720\" height=\"514\" src=\"http:\/\/totaldedetizadora.net\/wp-content\/uploads\/2022\/02\/Screenshot_20210830-131021_Instagram.jpg\" alt=\"\" class=\"wp-image-56\" srcset=\"https:\/\/totaldedetizadora.net\/wp-content\/uploads\/2022\/02\/Screenshot_20210830-131021_Instagram.jpg 720w, https:\/\/totaldedetizadora.net\/wp-content\/uploads\/2022\/02\/Screenshot_20210830-131021_Instagram-300x214.jpg 300w\" sizes=\"(max-width: 720px) 100vw, 720px\" \/><\/figure>\n<\/figure>\n\n\n\n<div style=\"height:40px\" aria-hidden=\"true\" class=\"wp-block-spacer\"><\/div>\n<\/div>\n\n\n\n<div class=\"wp-block-column is-vertically-aligned-center\" style=\"flex-basis:50%\">\n<div class=\"wp-container-5 wp-block-group\"><div class=\"wp-block-group__inner-container\">\n<figure class=\"wp-block-image size-full size-large\"><img loading=\"lazy\" width=\"720\" height=\"694\" src=\"http:\/\/totaldedetizadora.net\/wp-content\/uploads\/2022\/02\/Screenshot_20210830-130949_Instagram.jpg\" alt=\"\" class=\"wp-image-55\" srcset=\"https:\/\/totaldedetizadora.net\/wp-content\/uploads\/2022\/02\/Screenshot_20210830-130949_Instagram.jpg 720w, https:\/\/totaldedetizadora.net\/wp-content\/uploads\/2022\/02\/Screenshot_20210830-130949_Instagram-300x289.jpg 300w\" sizes=\"(max-width: 720px) 100vw, 720px\" \/><\/figure>\n<\/div><\/div>\n\n\n\n<div style=\"height:40px\" aria-hidden=\"true\" class=\"wp-block-spacer\"><\/div>\n<\/div>\n<\/div>\n<\/div><\/div>\n\n\n\n<div style=\"height:40px\" aria-hidden=\"true\" class=\"wp-block-spacer\"><\/div>\n<\/div><\/div>\n\n\n\n<div class=\"wp-container-10 wp-block-group\"><div class=\"wp-block-group__inner-container\">\n<div style=\"height:80px\" aria-hidden=\"true\" class=\"wp-block-spacer\"><\/div>\n\n\n\n<div style=\"height:21px\" aria-hidden=\"true\" class=\"wp-block-spacer\"><\/div>\n\n\n\n<div class=\"wp-container-9 wp-block-group\"><div class=\"wp-block-group__inner-container\">\n<div class=\"wp-block-columns are-vertically-aligned-center\">\n<div class=\"wp-block-column is-vertically-aligned-center\" style=\"flex-basis:50%\">\n<div style=\"height:40px\" aria-hidden=\"true\" class=\"wp-block-spacer\"><\/div>\n<\/div>\n\n\n\n<div class=\"wp-block-column is-vertically-aligned-center\" style=\"flex-basis:50%\">\n<div class=\"wp-container-8 wp-block-group\"><div class=\"wp-block-group__inner-container\"><\/div><\/div>\n\n\n\n<div style=\"height:40px\" aria-hidden=\"true\" class=\"wp-block-spacer\"><\/div>\n<\/div>\n<\/div>\n<\/div><\/div>\n\n\n\n<div style=\"height:40px\" aria-hidden=\"true\" class=\"wp-block-spacer\"><\/div>\n<\/div><\/div>\n<\/div><\/div>\n\n\n\n<div class=\"wp-block-cover alignfull\" style=\"min-height:300px\"><span aria-hidden=\"true\" class=\"has-nv-dark-bg-background-color has-background-dim-100 wp-block-cover__gradient-background has-background-dim\"><\/span><div class=\"wp-block-cover__inner-container\">\n<div style=\"height:140px\" aria-hidden=\"true\" class=\"wp-block-spacer\"><\/div>\n\n\n\n<h2 class=\"has-text-align-center has-nv-text-dark-bg-color has-text-color\" id=\"voce-gostaria-que-a-total-dedetizadora-fosse-responsavel-pelo-controle-de-pragas-de-sua-empresa\">Voc\u00ea gostaria que a Total Dedetizadora fosse respons\u00e1vel pelo controle de pragas de sua empresa?<\/h2>\n\n\n\n<p class=\"has-text-align-center has-medium-font-size\">Se a resposta for SIM, envie uma mensagem atrav\u00e9s do formul\u00e1rio abaixo que entraremos em contato o mais r\u00e1pido poss\u00edvel. Uma nova experi\u00eancia te aguarda conosco.<\/p>\n\n\n\n<div class=\"wp-container-11 wp-block-buttons\">\n<div class=\"wp-block-button is-style-primary\"><a class=\"wp-block-button__link\" href=\"https:\/\/www.totaldedetizadora.com.br\/contato.html\" target=\"_blank\" rel=\"noreferrer noopener\">CONTATO<\/a><\/div>\n<\/div>\n\n\n\n<div style=\"height:140px\" aria-hidden=\"true\" class=\"wp-block-spacer\"><\/div>\n<\/div><\/div>\n","protected":false},"excerpt":{"rendered":"","protected":false},"author":1,"featured_media":0,"parent":0,"menu_order":0,"comment_status":"closed","ping_status":"closed","template":"","meta":{"neve_meta_sidebar":"","neve_meta_container":"","neve_meta_enable_content_width":"on","neve_meta_content_width":100,"neve_meta_title_alignment":"","neve_meta_author_avatar":"","neve_post_elements_order":"","neve_meta_disable_header":"","neve_meta_disable_footer":"","neve_meta_disable_title":"on"},"_links":{"self":[{"href":"https:\/\/totaldedetizadora.net\/index.php\/wp-json\/wp\/v2\/pages\/10"}],"collection":[{"href":"https:\/\/totaldedetizadora.net\/index.php\/wp-json\/wp\/v2\/pages"}],"about":[{"href":"https:\/\/totaldedetizadora.net\/index.php\/wp-json\/wp\/v2\/types\/page"}],"author":[{"embeddable":true,"href":"https:\/\/totaldedetizadora.net\/index.php\/wp-json\/wp\/v2\/users\/1"}],"replies":[{"embeddable":true,"href":"https:\/\/totaldedetizadora.net\/index.php\/wp-json\/wp\/v2\/comments?post=10"}],"version-history":[{"count":8,"href":"https:\/\/totaldedetizadora.net\/index.php\/wp-json\/wp\/v2\/pages\/10\/revisions"}],"predecessor-version":[{"id":60,"href":"https:\/\/totaldedetizadora.net\/index.php\/wp-json\/wp\/v2\/pages\/10\/revisions\/60"}],"wp:attachment":[{"href":"https:\/\/totaldedetizadora.net\/index.php\/wp-json\/wp\/v2\/media?parent=10"}],"curies":[{"name":"wp","href":"https:\/\/api.w.org\/{rel}","templated":true}]}}